{"id":32,"date":"2023-06-15T15:09:28","date_gmt":"2023-06-15T13:09:28","guid":{"rendered":"http:\/\/gkkommunikation.se\/?page_id=32"},"modified":"2023-06-16T12:14:53","modified_gmt":"2023-06-16T10:14:53","slug":"boken-gladje-kreativitet-kommunikation-2022","status":"publish","type":"page","link":"http:\/\/gkkommunikation.se\/?page_id=32","title":{"rendered":"Gl\u00e4dje Kreativitet KOMMUNIKATION 2022"},"content":{"rendered":"\n<p>En inspirationsk\u00e4lla f\u00f6r dig som vill utveckla din organisation till att fungera \u00e4nnu b\u00e4ttre.<\/p>\n\n\n\n<p>Du kan best\u00e4lla ditt exemplar av<strong> Gl\u00e4dje Kreativitet KOMMUNIKATION 2022<\/strong> som pocketbok eller ebok via&nbsp;<a href=\"https:\/\/www.bokus.com\/cgi-bin\/product_search.cgi?ac_used=yes&amp;search_word=gl%E4dje+kreativitet+kommunikation+2022+\">Bokus,<\/a>&nbsp;<a href=\"https:\/\/www.adlibris.com\/se\/sok?q=gl%C3%A4dje+kreativitet+kommunikation+2022\">Adlibris<\/a>&nbsp;eller&nbsp;<a href=\"https:\/\/www.akademibokhandeln.se\/sok?sokfraga=gl%C3%A4dje+kreativitet+kommunikation+2022\">Akademibokhandeln<\/a>.<\/p>\n\n\n<div class=\"wp-block-image\">\n<figure class=\"alignright size-large\"><img loading=\"lazy\" decoding=\"async\" width=\"1012\" height=\"1024\" src=\"http:\/\/gkkommunikation.se\/wp-content\/uploads\/2023\/06\/GKK-Framsida-2022-1012x1024.jpg\" alt=\"Framsida p\u00e5 boken Gl\u00e4dje Kreativitet Kommunikatinj 2022\" class=\"wp-image-27\" srcset=\"http:\/\/gkkommunikation.se\/wp-content\/uploads\/2023\/06\/GKK-Framsida-2022-1012x1024.jpg 1012w, http:\/\/gkkommunikation.se\/wp-content\/uploads\/2023\/06\/GKK-Framsida-2022-296x300.jpg 296w, http:\/\/gkkommunikation.se\/wp-content\/uploads\/2023\/06\/GKK-Framsida-2022-768x777.jpg 768w, http:\/\/gkkommunikation.se\/wp-content\/uploads\/2023\/06\/GKK-Framsida-2022.jpg 1500w\" sizes=\"(max-width: 1012px) 100vw, 1012px\" \/><\/figure><\/div>\n\n\n<p><\/p>\n\n\n\n<p>Gl\u00e4dje Kreativitet KOMMUNIKATION 2022&nbsp;inneh\u00e5ller metoder f\u00f6r att med hj\u00e4lp av strategisk kommunikation utveckla din organisation och skr\u00e4ddarsy aktiviteter s\u00e5 att de leder mot dina m\u00e5ls\u00e4ttningar. Dessutom f\u00e5r du en fullsp\u00e4ckad skattkista med just de d\u00e4r verktygen som kan beh\u00f6vas i specifika situationer.<\/p>\n\n\n\n<p><strong>S\u00e5 h\u00e4r \u00e4r boken upplagd<\/strong><\/p>\n\n\n\n<p>Denna introduktion till praktiskt kommunikationsarbete och kan anv\u00e4ndas som inspirationsk\u00e4lla och uppslagsbok. B\u00f6rja g\u00e4rna med att l\u00e4sa den fr\u00e5n p\u00e4rm till p\u00e4rm. D\u00e5 f\u00e5r du en \u00f6verblick s\u00e5 att du i framtiden kan g\u00e5 tillbaka och hitta just den information du beh\u00f6ver vid det aktuella tillf\u00e4llet.<\/p>\n\n\n\n<p>Du kommer snart att uppt\u00e4cka att texten inneh\u00e5ller m\u00e4ngder av fr\u00e5gor. Anv\u00e4nd dessa fr\u00e5gor f\u00f6r att reflektera \u00f6ver hur din organisation fungerar och vad just du kan f\u00f6rb\u00e4ttra. Mitt f\u00f6rslag \u00e4r att skriva ner svar och reflektioner medan du f\u00f6rsta g\u00e5ngen l\u00e4ser igenom Gl\u00e4dje, Kreativitet och Kommunikation. D\u00e5 formulerar du dig tydligare \u00e4n n\u00e4r du enbart t\u00e4nker, vilket g\u00f6r det kommande arbetet enklare. Hoppa \u00f6ver de fr\u00e5gor som inte k\u00e4nns meningsfulla och l\u00e4gg g\u00e4rna till egna.<\/p>\n\n\n\n<p><strong>Kapitel 1 Kommunikation i och runt organisationen<\/strong><br>H\u00e4r finns grundl\u00e4ggande principer kring kommunikation. Vi diskuterar ocks\u00e5 varf\u00f6r fr\u00e5gest\u00e4llningen &#8221;Varf\u00f6r?&#8221; \u00e4r s\u00e5 viktig. H\u00e4r reflekterar du \u00f6ver hur kommunikationsarbetet fungerar i din organisation.<\/p>\n\n\n\n<p><strong>Kapitel 2 Aktiviteter, kanaler och modeller<\/strong><br>Vilka olika kommunikationsaktiviteter och kommunikationskanaler finns det &#8211; och vilka \u00e4r bra att anv\u00e4nda till vad? Hur kan du kombinera dem p\u00e5 b\u00e4sta s\u00e4tt? H\u00e4r inventerar du din organisations m\u00f6jligheter.<\/p>\n\n\n\n<p><strong>Del 3 Kommunikationsplanering<\/strong><br>Vad verksamheten verkligen vill ligger till grund f\u00f6r ett kommunikationsarbete som bidrar till organisationens m\u00e5ls\u00e4ttningar. H\u00e4r tar du fram strategier och konkreta planer.<\/p>\n\n\n\n<p><strong>Del 4 Skattkistan<\/strong><br>Vart och ett av avsnitten i Skattkistan ger en mycket kort introduktion till ett specifikt omr\u00e5de. Avsnitten \u00e4r sorterade i bokstavsordning. H\u00e4r finns verktyg, id\u00e9er, tankar och f\u00f6rslag att anv\u00e4nda i olika sammanhang. Blir din nyfikenhet v\u00e4ckt kan du g\u00e5 vidare f\u00f6r att hitta forskning och\/eller f\u00f6rdjupande litteratur.<\/p>\n\n\n\n<p><strong>Del 5 Vad ska jag g\u00f6ra nu?<\/strong><br>Syftet med boken \u00e4r att inspirera dig till att bidra till utvecklingen av din organisation. Det \u00e4r inget som sker i en handv\u00e4ndning, s\u00e5 var och hur b\u00f6rjar du? <\/p>\n\n\n\n<p>Trevlig l\u00e4sning &#8211; och lycka till p\u00e5 utvecklingsresan!<\/p>\n\n\n\n<p>\/EvaMarie<\/p>\n\n\n\n<p><img loading=\"lazy\" decoding=\"async\" width=\"150\" height=\"172\" class=\"wp-image-9\" style=\"width: 150px;\" src=\"http:\/\/gkkommunikation.se\/wp-content\/uploads\/2023\/06\/EvaMarie_blue.jpg\" alt=\"Portr\u00e4ttbild EvaMarie T\u00f6rnstr\u00f6m\" srcset=\"http:\/\/gkkommunikation.se\/wp-content\/uploads\/2023\/06\/EvaMarie_blue.jpg 1164w, http:\/\/gkkommunikation.se\/wp-content\/uploads\/2023\/06\/EvaMarie_blue-262x300.jpg 262w, http:\/\/gkkommunikation.se\/wp-content\/uploads\/2023\/06\/EvaMarie_blue-895x1024.jpg 895w, http:\/\/gkkommunikation.se\/wp-content\/uploads\/2023\/06\/EvaMarie_blue-768x879.jpg 768w\" sizes=\"(max-width: 150px) 100vw, 150px\" \/><\/p>\n\n\n\n<p>EvaMarie T\u00f6rnstr\u00f6m har arbetat som projektledare, kommunikationschef och kommunikationsstrateg inom b\u00e5de sm\u00e5 och stora organisationer p\u00e5 lokal, regional, nationell och internationell niv\u00e5. Dessutom har hon varit verksam inom stora medlemsorganisationer och driver nu eget f\u00f6retag som expert p\u00e5 organisationsutveckling och ledarskap. Dessutom \u00e4r hon f\u00f6rfattare och konstn\u00e4r.<\/p>\n\n\n\n<p>Du kan best\u00e4lla ditt exemplar av Gl\u00e4dje Kreativitet och Kommunikation 2022 som pocketbok eller ebok via&nbsp;<a href=\"https:\/\/www.bokus.com\/cgi-bin\/product_search.cgi?ac_used=yes&amp;search_word=gl%E4dje+kreativitet+kommunikation+2022+\">Bokus,<\/a>&nbsp;<a href=\"https:\/\/www.adlibris.com\/se\/sok?q=gl%C3%A4dje+kreativitet+kommunikation+2022\">Adlibris<\/a>&nbsp;eller&nbsp;<a href=\"https:\/\/www.akademibokhandeln.se\/sok?sokfraga=gl%C3%A4dje+kreativitet+kommunikation+2022\">Akademibokhandeln<\/a>.<\/p>\n","protected":false},"excerpt":{"rendered":"<p>En inspirationsk\u00e4lla f\u00f6r dig som vill utveckla din organisation till att fungera \u00e4nnu b\u00e4ttre. Du kan best\u00e4lla ditt exemplar av Gl\u00e4dje Kreativitet KOMMUNIKATION 2022 som pocketbok eller ebok via&nbsp;Bokus,&nbsp;Adlibris&nbsp;eller&nbsp;Akademibokhandeln. Gl\u00e4dje Kreativitet KOMMUNIKATION 2022&nbsp;inneh\u00e5ller metoder f\u00f6r att med hj\u00e4lp av strategisk kommunikation utveckla din organisation och skr\u00e4ddarsy aktiviteter s\u00e5 att de leder mot dina m\u00e5ls\u00e4ttningar. Dessutom [&hellip;]<\/p>\n","protected":false},"author":1,"featured_media":0,"parent":0,"menu_order":0,"comment_status":"closed","ping_status":"closed","template":"","meta":{"_monsterinsights_skip_tracking":false,"_monsterinsights_sitenote_active":false,"_monsterinsights_sitenote_note":"","_monsterinsights_sitenote_category":0,"_uf_show_specific_survey":0,"_uf_disable_surveys":false,"footnotes":""},"class_list":["post-32","page","type-page","status-publish","hentry"],"aioseo_notices":[],"_links":{"self":[{"href":"http:\/\/gkkommunikation.se\/index.php?rest_route=\/wp\/v2\/pages\/32"}],"collection":[{"href":"http:\/\/gkkommunikation.se\/index.php?rest_route=\/wp\/v2\/pages"}],"about":[{"href":"http:\/\/gkkommunikation.se\/index.php?rest_route=\/wp\/v2\/types\/page"}],"author":[{"embeddable":true,"href":"http:\/\/gkkommunikation.se\/index.php?rest_route=\/wp\/v2\/users\/1"}],"replies":[{"embeddable":true,"href":"http:\/\/gkkommunikation.se\/index.php?rest_route=%2Fwp%2Fv2%2Fcomments&post=32"}],"version-history":[{"count":3,"href":"http:\/\/gkkommunikation.se\/index.php?rest_route=\/wp\/v2\/pages\/32\/revisions"}],"predecessor-version":[{"id":79,"href":"http:\/\/gkkommunikation.se\/index.php?rest_route=\/wp\/v2\/pages\/32\/revisions\/79"}],"wp:attachment":[{"href":"http:\/\/gkkommunikation.se\/index.php?rest_route=%2Fwp%2Fv2%2Fmedia&parent=32"}],"curies":[{"name":"wp","href":"https:\/\/api.w.org\/{rel}","templated":true}]}}