{"id":25,"date":"2023-06-15T14:37:45","date_gmt":"2023-06-15T12:37:45","guid":{"rendered":"http:\/\/gkkommunikation.se\/?page_id=25"},"modified":"2023-06-20T12:26:11","modified_gmt":"2023-06-20T10:26:11","slug":"intensivkurs-gladje-kreativitet-kommunikation","status":"publish","type":"page","link":"https:\/\/gkkommunikation.se\/?page_id=25","title":{"rendered":"Intensivkurs Gl\u00e4dje Kreativitet Kommunikation"},"content":{"rendered":"\n<p><\/p>\n\n\n\n<figure class=\"wp-block-image size-large\"><img loading=\"lazy\" decoding=\"async\" width=\"1012\" height=\"1024\" src=\"http:\/\/gkkommunikation.se\/wp-content\/uploads\/2023\/06\/GKK-Framsida-2022-1012x1024.jpg\" alt=\"Framsida p\u00e5 boken Gl\u00e4dje Kreativitet Kommunikatinj 2022\" class=\"wp-image-27\" srcset=\"https:\/\/gkkommunikation.se\/wp-content\/uploads\/2023\/06\/GKK-Framsida-2022-1012x1024.jpg 1012w, https:\/\/gkkommunikation.se\/wp-content\/uploads\/2023\/06\/GKK-Framsida-2022-296x300.jpg 296w, https:\/\/gkkommunikation.se\/wp-content\/uploads\/2023\/06\/GKK-Framsida-2022-768x777.jpg 768w, https:\/\/gkkommunikation.se\/wp-content\/uploads\/2023\/06\/GKK-Framsida-2022.jpg 1500w\" sizes=\"(max-width: 1012px) 100vw, 1012px\" \/><\/figure>\n\n\n\n<h2 class=\"wp-block-heading\">Kickstarta arbetet med att utveckla din organisation<\/h2>\n\n\n\n<p>Kursen omfattar sex m\u00f6testillf\u00e4llen om cirka en timme med exempelvis ledningsgruppen, styrelsen eller arbetsgruppen. Tillsammans utvecklar deltagarna det interna samarbetet mellan olika ansvarsomr\u00e5den och positioner. Vi m\u00e4nniskor utbyter n\u00e4mligen information med varandra i ofta osynliga fl\u00f6den, i olika riktningar och p\u00e5 olika s\u00e4tt.<\/p>\n\n\n\n<p>Tillsammans skapar deltagarna en bred f\u00f6rst\u00e5else f\u00f6r organisationens m\u00e5ls\u00e4ttningar kombinerat med en samsyn kring hur medarbetarnas olika roller och kompetenser samverkar. Under kursen kommer gruppen att l\u00f6sa kommunikationshinder som exempelvis missf\u00f6rst\u00e5nd och mer eller mindre osynliga f\u00f6rdomar.<\/p>\n\n\n\n<h2 class=\"wp-block-heading\">Du \u00e4r kursledaren<\/h2>\n\n\n\n<p>Du kan enkelt leda kursen sj\u00e4lv med hj\u00e4lp av den kostnadsfria kurshandledningen och de presentationsbilder som du hittar l\u00e4ngre ner p\u00e5 sidan.<\/p>\n\n\n\n<p>Naturligtvis kan du ocks\u00e5 anlita mig som kursledare om du hellre vill ha med ett utifr\u00e5nperspektiv. Som f\u00f6rfattare till kurslitteraturen har jag djupa kunskaper om de \u00e4mnen som tas upp, och kan med en utomst\u00e5endes blick guida din arbetsgrupp till utveckling och nya insikter. Skicka din f\u00f6rfr\u00e5gan till&nbsp;<a href=\"mailto:evamarie.tornstrom@mosebackeord.se\">evamarie.tornstrom@mosebackeord.se<\/a><\/p>\n\n\n\n<h2 class=\"wp-block-heading\">Kurslitteratur<\/h2>\n\n\n\n<p>Kursen baseras p\u00e5&nbsp;Gl\u00e4dje Kreativitet KOMMUNIKATION 2022&nbsp;av EvaMarie T\u00f6rnstr\u00f6m. Best\u00e4ll den som pocketbok eller ebok via&nbsp;<a href=\"https:\/\/www.bokus.com\/cgi-bin\/product_search.cgi?ac_used=yes&amp;search_word=gl%E4dje+kreativitet+kommunikation+2022+\">Bokus,<\/a>&nbsp;<a href=\"https:\/\/www.adlibris.com\/se\/sok?q=gl%C3%A4dje+kreativitet+kommunikation+2022\">Adlibris<\/a>&nbsp;eller&nbsp;<a href=\"https:\/\/www.akademibokhandeln.se\/sok?sokfraga=gl%C3%A4dje+kreativitet+kommunikation+2022\">Akademibokhandeln<\/a>.<\/p>\n\n\n\n<h2 class=\"wp-block-heading\">Studiehandledning och presentationsbilder<\/h2>\n\n\n\n<p>Du som vill arrangera kursen Gl\u00e4dje Kreativitet Kommunikation laddar kostnadsfritt ner b\u00e5de studiehandledning och presentationsbilder via nedanst\u00e5ende l\u00e4nkar.<\/p>\n\n\n\n<p>\/<\/p>\n\n\n\n<div data-wp-interactive=\"core\/file\" class=\"wp-block-file\"><object data-wp-bind--hidden=\"!state.hasPdfPreview\"  class=\"wp-block-file__embed\" data=\"https:\/\/gkkommunikation.se\/wp-content\/uploads\/2023\/06\/Studiehandledning-GKK-2022.pdf\" type=\"application\/pdf\" style=\"width:100%;height:600px\" aria-label=\"Inb\u00e4ddning av Studiehandledning Gl\u00e4dje Kreativitet Kommunikation.\"><\/object><a id=\"wp-block-file--media-e42b3ab7-e614-46d2-a4a6-2186da691313\" href=\"https:\/\/gkkommunikation.se\/wp-content\/uploads\/2023\/06\/Studiehandledning-GKK-2022.pdf\">Studiehandledning Gl\u00e4dje Kreativitet Kommunikation<\/a><a href=\"https:\/\/gkkommunikation.se\/wp-content\/uploads\/2023\/06\/Studiehandledning-GKK-2022.pdf\" class=\"wp-block-file__button wp-element-button\" download aria-describedby=\"wp-block-file--media-e42b3ab7-e614-46d2-a4a6-2186da691313\">Ladda ner<\/a><\/div>\n\n\n\n<div data-wp-interactive=\"core\/file\" class=\"wp-block-file\"><object data-wp-bind--hidden=\"!state.hasPdfPreview\"  class=\"wp-block-file__embed\" data=\"https:\/\/gkkommunikation.se\/wp-content\/uploads\/2023\/06\/Kurspresentationer-GKK.pdf\" type=\"application\/pdf\" style=\"width:100%;height:600px\" aria-label=\"Inb\u00e4ddning av Kurspresentationer Gl\u00e4dje Kreativitet Kommunikation.\"><\/object><a id=\"wp-block-file--media-dcbf8e4a-57b0-4b32-885c-2daa3b3a02c1\" href=\"https:\/\/gkkommunikation.se\/wp-content\/uploads\/2023\/06\/Kurspresentationer-GKK.pdf\">Kurspresentationer Gl\u00e4dje Kreativitet Kommunikation<\/a><a href=\"https:\/\/gkkommunikation.se\/wp-content\/uploads\/2023\/06\/Kurspresentationer-GKK.pdf\" class=\"wp-block-file__button wp-element-button\" download aria-describedby=\"wp-block-file--media-dcbf8e4a-57b0-4b32-885c-2daa3b3a02c1\">Ladda ner<\/a><\/div>\n","protected":false},"excerpt":{"rendered":"<p>Kickstarta arbetet med att utveckla din organisation Kursen omfattar sex m\u00f6testillf\u00e4llen om cirka en timme med exempelvis ledningsgruppen, styrelsen eller arbetsgruppen. Tillsammans utvecklar deltagarna det interna samarbetet mellan olika ansvarsomr\u00e5den och positioner. Vi m\u00e4nniskor utbyter n\u00e4mligen information med varandra i ofta osynliga fl\u00f6den, i olika riktningar och p\u00e5 olika s\u00e4tt. Tillsammans skapar deltagarna en bred [&hellip;]<\/p>\n","protected":false},"author":1,"featured_media":27,"parent":0,"menu_order":0,"comment_status":"closed","ping_status":"closed","template":"","meta":{"_monsterinsights_skip_tracking":false,"_monsterinsights_sitenote_active":false,"_monsterinsights_sitenote_note":"","_monsterinsights_sitenote_category":0,"_uf_show_specific_survey":0,"_uf_disable_surveys":false,"footnotes":""},"class_list":["post-25","page","type-page","status-publish","has-post-thumbnail","hentry"],"aioseo_notices":[],"_links":{"self":[{"href":"https:\/\/gkkommunikation.se\/index.php?rest_route=\/wp\/v2\/pages\/25"}],"collection":[{"href":"https:\/\/gkkommunikation.se\/index.php?rest_route=\/wp\/v2\/pages"}],"about":[{"href":"https:\/\/gkkommunikation.se\/index.php?rest_route=\/wp\/v2\/types\/page"}],"author":[{"embeddable":true,"href":"https:\/\/gkkommunikation.se\/index.php?rest_route=\/wp\/v2\/users\/1"}],"replies":[{"embeddable":true,"href":"https:\/\/gkkommunikation.se\/index.php?rest_route=%2Fwp%2Fv2%2Fcomments&post=25"}],"version-history":[{"count":6,"href":"https:\/\/gkkommunikation.se\/index.php?rest_route=\/wp\/v2\/pages\/25\/revisions"}],"predecessor-version":[{"id":149,"href":"https:\/\/gkkommunikation.se\/index.php?rest_route=\/wp\/v2\/pages\/25\/revisions\/149"}],"wp:featuredmedia":[{"embeddable":true,"href":"https:\/\/gkkommunikation.se\/index.php?rest_route=\/wp\/v2\/media\/27"}],"wp:attachment":[{"href":"https:\/\/gkkommunikation.se\/index.php?rest_route=%2Fwp%2Fv2%2Fmedia&parent=25"}],"curies":[{"name":"wp","href":"https:\/\/api.w.org\/{rel}","templated":true}]}}